{"id":71,"date":"2015-05-13T10:42:15","date_gmt":"2015-05-13T10:42:15","guid":{"rendered":"https:\/\/www.presentia.es\/pagina-ejemplo-2\/"},"modified":"2026-04-09T16:22:55","modified_gmt":"2026-04-09T16:22:55","slug":"pagina-ejemplo","status":"publish","type":"page","link":"https:\/\/www.presentia.es\/en\/","title":{"rendered":"Portada"},"content":{"rendered":" \n<div class=\"ux_slider_wrapper\">\n<div id=\"slider_1897861772\" class=\"iosSlider default\" style=\"\">\n        <div class=\"slider \">\n               <div id=\"banner_135337107\" class=\"ux_banner dark    \"  style=\"height:700px; \" data-height=\"700px\" role=\"banner\">\n                                  <div class=\"banner-bg ux_parallax\" data-velocity=\"0.1\" style=\"background-image:url('https:\/\/www.presentia.es\/wp-content\/uploads\/2015\/05\/bg_home_banner.jpg'); \"><img decoding=\"async\" src=\"https:\/\/www.presentia.es\/wp-content\/uploads\/2015\/05\/bg_home_banner.jpg\"  style=\"visibility:hidden;\" \/><\/div>\n                             <div class=\"row parallax_text parallax_text\" data-velocity=\"0.1\">\n          <div class=\"inner left center text-left \"  style=\"width:65%;\">\n            <div class=\"inner-wrap animated\" data-animate=\"fadeInLeft\" style=\" \">\n              <a href=\"\/programas\/nuevo-programa-colectivo\/\" class=\"button medium alt-button\" >Reducci\u00f3n del Estr\u00e9s Basado en Mindfulness<\/a>\n<a href=\"\/programas\/talleres-el-bienestar-en-tu-mano\/\" class=\"button medium alt-button\" >El bienestar en tu mano<\/a>\n<a href=\"\/programas\/mbar-programa-de-apoyo-a-la-recuperacion-de-adicciones-con-mindfulness\/\" class=\"button medium alt-button\" >MBAR - Recuperaci\u00f3n Adicciones<\/a>\n<a href=\"\/programas\/meditacion-conocer-la-mente-para-conocernos\/\" class=\"button medium alt-button\" >Meditaci\u00f3n semanal<\/a>\n<a href=\"pagina-ejemplo\/yoga\/\" class=\"button medium alt-button\" >Yoga<\/a>\n<a href=\"\/programas\/programa-de-atencion-plena-para-ninos\/\" class=\"button medium alt-button\" >Atenci\u00f3n Plena para Ni\u00f1os y Ni\u00f1as<\/a>\n<a href=\"\/programas\/programa-de-atencion-plena-para-adolescentes\/\" class=\"button medium alt-button\" >Atenci\u00f3n Plena para Adolescentes<\/a>\n<a href=\"\/programas\/mindfulness-en-el-entorno-corporativo-respira-lidera-transforma\/\" class=\"button medium alt-button\" >Mindfulness en el entorno corporativo<\/a>\n<a href=\"\/programas\/taller-de-escritura-inconsciente-letras-con-calma\/\" class=\"button medium alt-button\" >Letras con (c) Alma<\/a>\n<a href=\"\/programas\/nutricion-y-dietetica\/\" class=\"button medium alt-button\" >Nutrici\u00f3n y Diet\u00e9tica<\/a>\n<a href=\"\/programas\/acupuntura\/\" class=\"button medium alt-button\" >Acupuntura<\/a>\n<p>&nbsp;<\/p>\n            <\/div>\n          <\/div>  \n        <\/div>\n              <\/div><!-- end .ux_banner -->\n\n   <div id=\"banner_1760557578\" class=\"ux_banner dark    \"  style=\"height:700px; \" data-height=\"700px\" role=\"banner\">\n                                  <div class=\"banner-bg ux_parallax\" data-velocity=\"0.1\" style=\"background-image:url('https:\/\/www.presentia.es\/wp-content\/uploads\/2015\/05\/bg_home_banner.jpg'); \"><img decoding=\"async\" src=\"https:\/\/www.presentia.es\/wp-content\/uploads\/2015\/05\/bg_home_banner.jpg\"  style=\"visibility:hidden;\" \/><\/div>\n                             <div class=\"row parallax_text parallax_text\" data-velocity=\"0.1\">\n          <div class=\"inner left center text-left \"  style=\"width:65%;\">\n            <div class=\"inner-wrap animated\" data-animate=\"fadeInLeft\" style=\" \">\n              <h1>Mindfulness Granada<\/h1>\n<h2>\u201cEl <strong>cerebro<\/strong> no es un vaso por llenar, sino una l\u00e1mpara por <strong>encender<\/strong>\u201d<\/h2>\n<h4 class=\"thin-font\">Plutarco<\/h4>\n<a href=\"\/mindfulness-beneficios\/\" class=\"button medium alt-button\" >Descubre lo que el Mindfulness puede hacer por ti<\/a>\n            <\/div>\n          <\/div>  \n        <\/div>\n              <\/div><!-- end .ux_banner -->\n\n         <\/div>\n        <div class=\"sliderControlls  \">\n             \n            <div class=\"sliderNav hide-for-small\">\n            <a href=\"javascript:void(0)\" class=\"nextSlide next_1897861772\"><span class=\"icon-angle-left\"><\/span><\/a>\n            <a href=\"javascript:void(0)\" class=\"prevSlide prev_1897861772\"><span class=\"icon-angle-right\"><\/span><\/a>\n            <\/div>\n                        <div class=\"sliderBullets\"><\/div>\n        <\/div><!-- .sliderControlls -->\n        <div class=\"loading dark\"><i><\/i><i><\/i><i><\/i><i><\/i><\/div>\n<\/div><!-- #slider -->\n\n<script type=\"text\/javascript\">\n    (function($){\n    $(window).load(function(){\n\n      $('.slider > p, .slider > br').remove();\n      \n      \/* install slider *\/\n      $('#slider_1897861772').iosSlider({\n          snapToChildren: true,\n          desktopClickDrag: true,\n          snapFrictionCoefficient: 0.8,\n          autoSlideTransTimer: 500,\n          horizontalSlideLockThreshold:3,\n          slideStartVelocityThreshold:3,\n          infiniteSlider:true,\n          autoSlide: true,\n          autoSlideTimer: 5000,\n          navPrevSelector: $('.next_1897861772'),\n          navNextSelector: $('.prev_1897861772'),\n          onSliderLoaded: startSlider,\n          onSlideChange: slideChange,\n          onSliderResize: slideResize,\n      }); \n\n      function slideChange(args) {\n        $(args.sliderContainerObject).find('.inner-wrap').each(function(){\n          $(this).removeClass($(this).attr('data-animate'));\n        });\n        $(args.sliderContainerObject).find('.scroll-animate').each(function(){\n          $(this).removeClass($(this).attr('data-animate')).removeClass('animated');\n        });\n\n       \/* start text animation *\/\n       $(args.currentSlideObject).find('.inner-wrap').addClass($(args.currentSlideObject).find('.inner-wrap').attr('data-animate'));\n       $(args.currentSlideObject).find('.scroll-animate').each(function(){\n          $(this).addClass('animated').addClass($(this).attr('data-animate'));\n       });\n\n       \/* change slider height *\/\n       var slide_height = $(args.currentSlideObject).outerHeight();\n       $(args.sliderContainerObject).css('min-height',slide_height);\n       $(args.sliderContainerObject).css('height','auto');\n\n       \/* add current class to slide *\/\n       $(args.sliderContainerObject).find('.current').removeClass('current');\n       $(args.currentSlideObject).addClass('current');\n\n       \/* update bullets *\/\n       $(args.sliderContainerObject).find('.sliderBullets .bullet').removeClass('active');\n       $(args.sliderContainerObject).find('.sliderBullets .bullet:eq(' + (args.currentSlideNumber - 1) + ')').addClass('active');\n       \n      }\n     function slideResize(args) {\n        \/* set height of first slide *\/\n        setTimeout(function(){\n              var slide_height = $(args.currentSlideObject).outerHeight();\n              $(args.sliderContainerObject).css('min-height',slide_height);\n              $(args.sliderContainerObject).css('height','auto');\n        },300);\n \n      }\n\n     function startSlider(args){ \n        \/* remove spinner when slider is loaded *\/\n        $(args.sliderContainerObject).find('.loading').fadeOut();\n\n\n        \/* add current class to first slide *\/\n        $(args.currentSlideObject).addClass('current');\n\n        \/* add parallax class if contains paralaxx slides *\/\n        $(args.sliderContainerObject).find('.ux_parallax').parent().parent().parent().addClass('parallax_slider');\n           \n        \/* animate first slide *\/\n        $(args.currentSlideObject).find('.inner-wrap').addClass($(args.currentSlideObject).find('.inner-wrap').attr('data-animate'));\n          $(args.currentSlideObject).find('.scroll-animate').each(function(){\n          $(this).addClass('animated').addClass($(this).attr('data-animate'));\n        });       \n\n        \/* set height of first slide *\/\n        var slide_height = $(args.currentSlideObject).outerHeight();\n        $(args.sliderContainerObject).css('min-height',slide_height);\n        $(args.sliderContainerObject).css('height','auto');\n        if(slide_height < '100')  $(args.sliderContainerObject).toggleClass('small-slider');\n\n        \/* fix texts *\/\n        $(args.sliderContainerObject).find('.ux_banner .inner br').remove();\n      \n      \n         \n        \/* add slider bullets *\/\n        var slide_id = 1;\n        $(args.sliderContainerObject).find(\".slider > *\").each(function(){\n            $(args.sliderContainerObject).find('.sliderBullets').append('<div class=\"bullet\" data-slide=\"'+slide_id+'\"><\/div>');\n            slide_id++;\n        });\n        \n        \/* add current class to bullets *\/\n        $(args.sliderContainerObject).find('.sliderBullets .bullet:first').addClass('active');\n        \n        \/* make bullets clickable *\/\n        $(args.sliderContainerObject).find('.bullet').click(function(){\n            $(args.sliderContainerObject).iosSlider('goToSlide', $(this).data('slide'));\n         });\n              }\n    })\n    })(jQuery);\n    <\/script>\n    <\/div><!-- .ux_slider_wrapper -->\n\n\t<div class=\"row container home_claim_1\"><div class=\"small-12   home_claim_1_a large-4  columns \"   >\n<div class=\"column-inner\"  >\n<p><img loading=\"lazy\" decoding=\"async\" class=\"alignnone wp-image-86 size-full\" title=\" Mindfulness en Granada \" src=\"https:\/\/www.presentia.es\/wp-content\/uploads\/2015\/05\/home_mini_ico.jpg\" alt=\" Mindfulness Granada - Presentia\" width=\"39\" height=\"39\" \/><\/p>\n<h3>Psicoterapia y<strong> Mindfulness<\/strong><\/h3>\n<p>El Centro Presentia de entrenamiento en Mindfulness est\u00e1 adscrito al Centro de Psicolog\u00eda Integral Carmen Verdejo, desde donde ofrecemos servicios de Psicolog\u00eda.<\/p>\n<p><a class=\"button\" href=\"https:\/\/www.presentia.es\/psicologia-granada\/\">LEER M\u00c1S<\/a><\/p>\n<\/div>\n<\/div>\n<br \/>\n<div class=\"small-12   home_claim_1_b large-4  columns \"   >\n<div class=\"column-inner\"  >\n<p><img loading=\"lazy\" decoding=\"async\" class=\"alignnone wp-image-88 size-full\" title=\"Centro Mindfulness en Granada\" src=\"https:\/\/www.presentia.es\/wp-content\/uploads\/2015\/05\/home_mini_ico2.jpg\" alt=\"Centro Mindfulness Granada - Presentia\" width=\"39\" height=\"39\" \/><\/p>\n<h3>Nuestro\u00a0<strong>Equipo<\/strong><\/h3>\n<p>Conoce a nuestro equipo.<\/p>\n<p><a class=\"button\" href=\"https:\/\/www.presentia.es\/donde-estamos\/\">LEER M\u00c1S<\/a><\/p>\n<\/div>\n<\/div>\n<br \/>\n<div class=\"small-12   home_claim_1_c large-4  columns \"   >\n<div class=\"column-inner\"  >\n<p><img loading=\"lazy\" decoding=\"async\" class=\"alignnone wp-image-90 size-full\" title=\"Programas Mindfulness Granada - Presentia\" src=\"https:\/\/www.presentia.es\/wp-content\/uploads\/2015\/05\/home_mini_ico3.png\" alt=\"Programas Mindfulness Granada - Presentia\" width=\"39\" height=\"39\" \/><\/p>\n<h3>\u00bfQu\u00e9 es <strong>Mindfulness<\/strong>?<\/h3>\n<p style=\"color: #fff;\">La pr\u00e1ctica del Mindfulness, o atenci\u00f3n plena, nos ayuda a entrenar la mente para disfrutar del momento presente sin juicios ni valoraciones.<\/p>\n<p><a class=\"button\" href=\"https:\/\/www.presentia.es\/mindfulness-que-es\/\">LEER M\u00c1S<\/a><\/p>\n<\/div>\n<\/div>\n<\/p>\n<\/div>\n  \n<div class=\"section_bg_home\">\t<div class=\"row container home_claim_2\"><p><div class=\"small-12   home_claim_2_a large-8  columns \"   >\n<div class=\"column-inner\"  >\n<em>Presentia<\/em>\n<\/div>\n<\/div>\n<br \/>\n<div class=\"small-12   home_claim_2_b large-4  columns \"   >\n<div class=\"column-inner\"  >\n<h6>Cansado, ap\u00e1tico, sin ganas, sin fuerzas, agobiado, triste, estresado, nervioso&#8230;<\/h6>\n<h3>Si quieres cambiar estas palabras por bienestar, salud, felicidad y tranquilidad no lo dudes y descubre la terapia Mindfulness con <strong>Presentia<\/strong>.<\/h3>\n<p><a class=\"button\" href=\"https:\/\/www.presentia.es\/contacto\/\">CONTACTA CON NOSOTROS<\/a><\/p>\n<\/div>\n<\/div>\n<\/p>\n<\/div>\n  <\/p>\n<\/div>\n","protected":false},"excerpt":{"rendered":"","protected":false},"author":1,"featured_media":0,"parent":0,"menu_order":-1,"comment_status":"closed","ping_status":"closed","template":"page-blank.php","meta":{"_acf_changed":false,"_custom_body_class":"","_custom_post_class":"","footnotes":""},"class_list":["post-71","page","type-page","status-publish","hentry"],"acf":[],"yoast_head":"<!-- This site is optimized with the Yoast SEO plugin v27.4 - https:\/\/yoast.com\/product\/yoast-seo-wordpress\/ -->\n<title>Mindfulness Granada - 25 a\u00f1os de experiencia | Presentia<\/title>\n<meta name=\"description\" content=\"Mindfulness en Granada. Aprende todas los ejercicios y t\u00e9cnicas que te ayudaran a desarrollar la habilidad de atenci\u00f3n plena. Resultados Garantizados\" \/>\n<meta name=\"robots\" content=\"index, follow, max-snippet:-1, max-image-preview:large, max-video-preview:-1\" \/>\n<link rel=\"canonical\" href=\"https:\/\/www.presentia.es\/en\/\" \/>\n<meta property=\"og:locale\" content=\"en_US\" \/>\n<meta property=\"og:type\" content=\"article\" \/>\n<meta property=\"og:title\" content=\"Mindfulness Granada - 25 a\u00f1os de experiencia | Presentia\" \/>\n<meta property=\"og:description\" content=\"Mindfulness en Granada. Aprende todas los ejercicios y t\u00e9cnicas que te ayudaran a desarrollar la habilidad de atenci\u00f3n plena. Resultados Garantizados\" \/>\n<meta property=\"og:url\" content=\"https:\/\/www.presentia.es\/en\/\" \/>\n<meta property=\"og:site_name\" content=\"Base CMS\" \/>\n<meta property=\"article:modified_time\" content=\"2026-04-09T16:22:55+00:00\" \/>\n<meta property=\"og:image\" content=\"https:\/\/www.presentia.es\/wp-content\/uploads\/2015\/05\/home_mini_ico.jpg\" \/>\n<meta name=\"twitter:card\" content=\"summary_large_image\" \/>\n<meta name=\"twitter:label1\" content=\"Est. reading time\" \/>\n\t<meta name=\"twitter:data1\" content=\"2 minutes\" \/>\n<script type=\"application\/ld+json\" class=\"yoast-schema-graph\">{\"@context\":\"https:\\\/\\\/schema.org\",\"@graph\":[{\"@type\":\"WebPage\",\"@id\":\"https:\\\/\\\/www.presentia.es\\\/en\\\/\",\"url\":\"https:\\\/\\\/www.presentia.es\\\/en\\\/\",\"name\":\"Mindfulness Granada - 25 a\u00f1os de experiencia | Presentia\",\"isPartOf\":{\"@id\":\"https:\\\/\\\/www.presentia.es\\\/#website\"},\"primaryImageOfPage\":{\"@id\":\"https:\\\/\\\/www.presentia.es\\\/en\\\/#primaryimage\"},\"image\":{\"@id\":\"https:\\\/\\\/www.presentia.es\\\/en\\\/#primaryimage\"},\"thumbnailUrl\":\"https:\\\/\\\/www.presentia.es\\\/wp-content\\\/uploads\\\/2015\\\/05\\\/home_mini_ico.jpg\",\"datePublished\":\"2015-05-13T10:42:15+00:00\",\"dateModified\":\"2026-04-09T16:22:55+00:00\",\"description\":\"Mindfulness en Granada. Aprende todas los ejercicios y t\u00e9cnicas que te ayudaran a desarrollar la habilidad de atenci\u00f3n plena. Resultados Garantizados\",\"breadcrumb\":{\"@id\":\"https:\\\/\\\/www.presentia.es\\\/en\\\/#breadcrumb\"},\"inLanguage\":\"en-US\",\"potentialAction\":[{\"@type\":\"ReadAction\",\"target\":[\"https:\\\/\\\/www.presentia.es\\\/en\\\/\"]}]},{\"@type\":\"ImageObject\",\"inLanguage\":\"en-US\",\"@id\":\"https:\\\/\\\/www.presentia.es\\\/en\\\/#primaryimage\",\"url\":\"https:\\\/\\\/www.presentia.es\\\/wp-content\\\/uploads\\\/2015\\\/05\\\/home_mini_ico.jpg\",\"contentUrl\":\"https:\\\/\\\/www.presentia.es\\\/wp-content\\\/uploads\\\/2015\\\/05\\\/home_mini_ico.jpg\"},{\"@type\":\"BreadcrumbList\",\"@id\":\"https:\\\/\\\/www.presentia.es\\\/en\\\/#breadcrumb\",\"itemListElement\":[{\"@type\":\"ListItem\",\"position\":1,\"name\":\"Portada\",\"item\":\"https:\\\/\\\/www.presentia.es\\\/en\\\/\"},{\"@type\":\"ListItem\",\"position\":2,\"name\":\"Portada\"}]},{\"@type\":\"WebSite\",\"@id\":\"https:\\\/\\\/www.presentia.es\\\/#website\",\"url\":\"https:\\\/\\\/www.presentia.es\\\/\",\"name\":\"Mindfulness Granada\",\"description\":\"Otro sitio realizado con WordPress\",\"publisher\":{\"@id\":\"https:\\\/\\\/www.presentia.es\\\/#organization\"},\"potentialAction\":[{\"@type\":\"SearchAction\",\"target\":{\"@type\":\"EntryPoint\",\"urlTemplate\":\"https:\\\/\\\/www.presentia.es\\\/?s={search_term_string}\"},\"query-input\":{\"@type\":\"PropertyValueSpecification\",\"valueRequired\":true,\"valueName\":\"search_term_string\"}}],\"inLanguage\":\"en-US\"},{\"@type\":\"Organization\",\"@id\":\"https:\\\/\\\/www.presentia.es\\\/#organization\",\"name\":\"Presentia Minfulness Granada\",\"url\":\"https:\\\/\\\/www.presentia.es\\\/\",\"logo\":{\"@type\":\"ImageObject\",\"inLanguage\":\"en-US\",\"@id\":\"https:\\\/\\\/www.presentia.es\\\/#\\\/schema\\\/logo\\\/image\\\/\",\"url\":\"https:\\\/\\\/www.presentia.es\\\/wp-content\\\/uploads\\\/2015\\\/05\\\/favicon_retina.png\",\"contentUrl\":\"https:\\\/\\\/www.presentia.es\\\/wp-content\\\/uploads\\\/2015\\\/05\\\/favicon_retina.png\",\"width\":144,\"height\":144,\"caption\":\"Presentia Minfulness Granada\"},\"image\":{\"@id\":\"https:\\\/\\\/www.presentia.es\\\/#\\\/schema\\\/logo\\\/image\\\/\"}}]}<\/script>\n<!-- \/ Yoast SEO plugin. -->","yoast_head_json":{"title":"Mindfulness Granada - 25 a\u00f1os de experiencia | Presentia","description":"Mindfulness en Granada. Aprende todas los ejercicios y t\u00e9cnicas que te ayudaran a desarrollar la habilidad de atenci\u00f3n plena. Resultados Garantizados","robots":{"index":"index","follow":"follow","max-snippet":"max-snippet:-1","max-image-preview":"max-image-preview:large","max-video-preview":"max-video-preview:-1"},"canonical":"https:\/\/www.presentia.es\/en\/","og_locale":"en_US","og_type":"article","og_title":"Mindfulness Granada - 25 a\u00f1os de experiencia | Presentia","og_description":"Mindfulness en Granada. Aprende todas los ejercicios y t\u00e9cnicas que te ayudaran a desarrollar la habilidad de atenci\u00f3n plena. Resultados Garantizados","og_url":"https:\/\/www.presentia.es\/en\/","og_site_name":"Base CMS","article_modified_time":"2026-04-09T16:22:55+00:00","og_image":[{"url":"https:\/\/www.presentia.es\/wp-content\/uploads\/2015\/05\/home_mini_ico.jpg","type":"","width":"","height":""}],"twitter_card":"summary_large_image","twitter_misc":{"Est. reading time":"2 minutes"},"schema":{"@context":"https:\/\/schema.org","@graph":[{"@type":"WebPage","@id":"https:\/\/www.presentia.es\/en\/","url":"https:\/\/www.presentia.es\/en\/","name":"Mindfulness Granada - 25 a\u00f1os de experiencia | Presentia","isPartOf":{"@id":"https:\/\/www.presentia.es\/#website"},"primaryImageOfPage":{"@id":"https:\/\/www.presentia.es\/en\/#primaryimage"},"image":{"@id":"https:\/\/www.presentia.es\/en\/#primaryimage"},"thumbnailUrl":"https:\/\/www.presentia.es\/wp-content\/uploads\/2015\/05\/home_mini_ico.jpg","datePublished":"2015-05-13T10:42:15+00:00","dateModified":"2026-04-09T16:22:55+00:00","description":"Mindfulness en Granada. Aprende todas los ejercicios y t\u00e9cnicas que te ayudaran a desarrollar la habilidad de atenci\u00f3n plena. Resultados Garantizados","breadcrumb":{"@id":"https:\/\/www.presentia.es\/en\/#breadcrumb"},"inLanguage":"en-US","potentialAction":[{"@type":"ReadAction","target":["https:\/\/www.presentia.es\/en\/"]}]},{"@type":"ImageObject","inLanguage":"en-US","@id":"https:\/\/www.presentia.es\/en\/#primaryimage","url":"https:\/\/www.presentia.es\/wp-content\/uploads\/2015\/05\/home_mini_ico.jpg","contentUrl":"https:\/\/www.presentia.es\/wp-content\/uploads\/2015\/05\/home_mini_ico.jpg"},{"@type":"BreadcrumbList","@id":"https:\/\/www.presentia.es\/en\/#breadcrumb","itemListElement":[{"@type":"ListItem","position":1,"name":"Portada","item":"https:\/\/www.presentia.es\/en\/"},{"@type":"ListItem","position":2,"name":"Portada"}]},{"@type":"WebSite","@id":"https:\/\/www.presentia.es\/#website","url":"https:\/\/www.presentia.es\/","name":"Mindfulness Granada","description":"Otro sitio realizado con WordPress","publisher":{"@id":"https:\/\/www.presentia.es\/#organization"},"potentialAction":[{"@type":"SearchAction","target":{"@type":"EntryPoint","urlTemplate":"https:\/\/www.presentia.es\/?s={search_term_string}"},"query-input":{"@type":"PropertyValueSpecification","valueRequired":true,"valueName":"search_term_string"}}],"inLanguage":"en-US"},{"@type":"Organization","@id":"https:\/\/www.presentia.es\/#organization","name":"Presentia Minfulness Granada","url":"https:\/\/www.presentia.es\/","logo":{"@type":"ImageObject","inLanguage":"en-US","@id":"https:\/\/www.presentia.es\/#\/schema\/logo\/image\/","url":"https:\/\/www.presentia.es\/wp-content\/uploads\/2015\/05\/favicon_retina.png","contentUrl":"https:\/\/www.presentia.es\/wp-content\/uploads\/2015\/05\/favicon_retina.png","width":144,"height":144,"caption":"Presentia Minfulness Granada"},"image":{"@id":"https:\/\/www.presentia.es\/#\/schema\/logo\/image\/"}}]}},"_links":{"self":[{"href":"https:\/\/www.presentia.es\/en\/wp-json\/wp\/v2\/pages\/71","targetHints":{"allow":["GET"]}}],"collection":[{"href":"https:\/\/www.presentia.es\/en\/wp-json\/wp\/v2\/pages"}],"about":[{"href":"https:\/\/www.presentia.es\/en\/wp-json\/wp\/v2\/types\/page"}],"author":[{"embeddable":true,"href":"https:\/\/www.presentia.es\/en\/wp-json\/wp\/v2\/users\/1"}],"replies":[{"embeddable":true,"href":"https:\/\/www.presentia.es\/en\/wp-json\/wp\/v2\/comments?post=71"}],"version-history":[{"count":185,"href":"https:\/\/www.presentia.es\/en\/wp-json\/wp\/v2\/pages\/71\/revisions"}],"predecessor-version":[{"id":2402,"href":"https:\/\/www.presentia.es\/en\/wp-json\/wp\/v2\/pages\/71\/revisions\/2402"}],"wp:attachment":[{"href":"https:\/\/www.presentia.es\/en\/wp-json\/wp\/v2\/media?parent=71"}],"curies":[{"name":"wp","href":"https:\/\/api.w.org\/{rel}","templated":true}]}}